{"id":8891,"date":"2022-12-20T22:15:37","date_gmt":"2022-12-20T22:15:37","guid":{"rendered":"https:\/\/813fc83a-dd6f-4620-aaa0-022305b20bf8.express.conves.io\/?page_id=8891"},"modified":"2022-12-21T08:57:21","modified_gmt":"2022-12-21T08:57:21","slug":"training-hosting","status":"publish","type":"page","link":"https:\/\/813fc83a-dd6f-4620-aaa0-022305b20bf8.express.conves.io\/de\/training-hosting\/","title":{"rendered":"Ausbildung &amp; Hosting"},"content":{"rendered":"<div data-elementor-type=\"wp-page\" data-elementor-id=\"8891\" class=\"elementor elementor-8891\" data-elementor-post-type=\"page\">\n\t\t\t\t\t\t<section class=\"elementor-section elementor-top-section elementor-element elementor-element-5a718d8 elementor-section-boxed elementor-section-height-default elementor-section-height-default\" data-id=\"5a718d8\" data-element_type=\"section\" data-e-type=\"section\" data-settings=\"{&quot;animation&quot;:&quot;none&quot;}\">\n\t\t\t\t\t\t<div class=\"elementor-container elementor-column-gap-default\">\n\t\t\t\t\t<div class=\"elementor-column elementor-col-100 elementor-top-column elementor-element elementor-element-eab5b39\" data-id=\"eab5b39\" data-element_type=\"column\" data-e-type=\"column\" data-settings=\"{&quot;animation&quot;:&quot;none&quot;}\">\n\t\t\t<div class=\"elementor-widget-wrap elementor-element-populated\">\n\t\t\t\t\t\t<div class=\"elementor-element elementor-element-7a04946 elementor-invisible elementor-widget elementor-widget-text-editor\" data-id=\"7a04946\" data-element_type=\"widget\" data-e-type=\"widget\" data-settings=\"{&quot;_animation&quot;:&quot;fadeInDown&quot;}\" data-widget_type=\"text-editor.default\">\n\t\t\t\t<div class=\"elementor-widget-container\">\n\t\t\t\t\t\t\t\t\t<h2 class=\"sc_title sc_title_regular margin_top_tiny-\"><strong><span class=\"TextRun MacChromeBold SCXW194594523 BCX0\" lang=\"EN-GB\" xml:lang=\"EN-GB\" data-contrast=\"auto\"><span class=\"NormalTextRun SCXW194594523 BCX0\">AUSBILDUNG &amp; HOSTING<\/span><\/span><\/strong><\/h2>\t\t\t\t\t\t\t\t<\/div>\n\t\t\t\t<\/div>\n\t\t\t\t<div class=\"elementor-element elementor-element-ff30bbe elementor-invisible elementor-widget elementor-widget-text-editor\" data-id=\"ff30bbe\" data-element_type=\"widget\" data-e-type=\"widget\" data-settings=\"{&quot;_animation&quot;:&quot;fadeIn&quot;}\" data-widget_type=\"text-editor.default\">\n\t\t\t\t<div class=\"elementor-widget-container\">\n\t\t\t\t\t\t\t\t\t<p style=\"text-align: center;\"><strong style=\"letter-spacing: 0px;\">Planung einer<\/strong><strong style=\"letter-spacing: 0px;\"> lokale Auswirkungen <\/strong><strong style=\"letter-spacing: 0px;\">Veranstaltung in Berlin<\/strong><strong style=\"letter-spacing: 0px;\"> f\u00fcr Ihr Unternehmen<\/strong><strong style=\"letter-spacing: 0px;\">? Dann sind Sie<\/strong><strong style=\"letter-spacing: 0px;\">gelandet <\/strong><strong style=\"letter-spacing: 0px;\">im Recht <\/strong><strong style=\"letter-spacing: 0px;\">Seite<\/strong><strong style=\"letter-spacing: 0px;\">!<\/strong><\/p>\n<p>Berlin ist eine pulsierende Kreativmetropole mit den h\u00f6chsten Standards f\u00fcr Konferenzen und Veranstaltungen in Europa. Ob Sie nun ein innovatives oder neugieriges Ambiente oder eine unnachahmliche post-industrielle Atmosph\u00e4re suchen, wir hoffen, dass einige Vorschl\u00e4ge aus der folgenden Auswahl f\u00fcr die Organisation Ihrer Veranstaltung n\u00fctzlich sein werden.<\/p>\n<p>Der Reihe nach haben wir zun\u00e4chst einige Veranstaltungsorte aufgelistet, mit denen NGO Nest Berlin bereits zusammenarbeiten durfte und die wir empfehlen k\u00f6nnen. Danach finden Sie eine der beliebtesten Websites f\u00fcr die Suche nach Konferenz- und Tagungsorten, auch mit der M\u00f6glichkeit, nach Gebiet, Anzahl der Teilnehmer und angebotenen Nachhaltigkeitsma\u00dfnahmen zu filtern.<\/p>\t\t\t\t\t\t\t\t<\/div>\n\t\t\t\t<\/div>\n\t\t\t\t\t<\/div>\n\t\t<\/div>\n\t\t\t\t\t<\/div>\n\t\t<\/section>\n\t\t\t\t<\/div>","protected":false},"excerpt":{"rendered":"<p>TRAINING &amp; HOSTING Sie planen eine Veranstaltung mit lokaler Wirkung in Berlin f\u00fcr Ihre Organisation? Dann sind Sie auf der richtigen Seite gelandet! Berlin ist eine pulsierende, kreative...<\/p>","protected":false},"author":1,"featured_media":0,"parent":0,"menu_order":0,"comment_status":"closed","ping_status":"closed","template":"","meta":{"_acf_changed":false,"footnotes":""},"class_list":["post-8891","page","type-page","status-publish","hentry"],"acf":[],"yoast_head":"<!-- This site is optimized with the Yoast SEO plugin v27.5 - https:\/\/yoast.com\/product\/yoast-seo-wordpress\/ -->\n<title>Training &amp; Hosting - NGO NEST Berlin<\/title>\n<meta name=\"robots\" content=\"index, follow, max-snippet:-1, max-image-preview:large, max-video-preview:-1\" \/>\n<link rel=\"canonical\" href=\"https:\/\/ngonest.de\/training-hosting\/\" \/>\n<meta property=\"og:locale\" content=\"de_DE\" \/>\n<meta property=\"og:type\" content=\"article\" \/>\n<meta property=\"og:title\" content=\"Training &amp; Hosting - NGO NEST Berlin\" \/>\n<meta property=\"og:description\" content=\"TRAINING &amp; HOSTING Planning a local impact event in Berlin for your organization? Then you\u2019ve landed in the right page! Berlin is a vibrant creative&hellip;\" \/>\n<meta property=\"og:url\" content=\"https:\/\/ngonest.de\/training-hosting\/\" \/>\n<meta property=\"og:site_name\" content=\"NGO NEST Berlin\" \/>\n<meta property=\"article:publisher\" content=\"https:\/\/www.facebook.com\/Youngpreneurship-Erasmus-Project-104487604463400\/\" \/>\n<meta property=\"article:modified_time\" content=\"2022-12-21T08:57:21+00:00\" \/>\n<meta property=\"og:image\" content=\"https:\/\/813fc83a-dd6f-4620-aaa0-022305b20bf8.express.conves.io\/wp-content\/uploads\/2020\/02\/0W0A1689-scaled-1.jpeg\" \/>\n\t<meta property=\"og:image:width\" content=\"2560\" \/>\n\t<meta property=\"og:image:height\" content=\"1438\" \/>\n\t<meta property=\"og:image:type\" content=\"image\/jpeg\" \/>\n<meta name=\"twitter:card\" content=\"summary_large_image\" \/>\n<meta name=\"twitter:label1\" content=\"Est. reading time\" \/>\n\t<meta name=\"twitter:data1\" content=\"1 minute\" \/>\n<script type=\"application\/ld+json\" class=\"yoast-schema-graph\">{\"@context\":\"https:\\\/\\\/schema.org\",\"@graph\":[{\"@type\":\"WebPage\",\"@id\":\"https:\\\/\\\/ngonest.de\\\/training-hosting\\\/\",\"url\":\"https:\\\/\\\/ngonest.de\\\/training-hosting\\\/\",\"name\":\"Training & Hosting - NGO NEST Berlin\",\"isPartOf\":{\"@id\":\"https:\\\/\\\/ngonest.de\\\/#website\"},\"datePublished\":\"2022-12-20T22:15:37+00:00\",\"dateModified\":\"2022-12-21T08:57:21+00:00\",\"breadcrumb\":{\"@id\":\"https:\\\/\\\/ngonest.de\\\/training-hosting\\\/#breadcrumb\"},\"inLanguage\":\"de-DE\",\"potentialAction\":[{\"@type\":\"ReadAction\",\"target\":[\"https:\\\/\\\/ngonest.de\\\/training-hosting\\\/\"]}]},{\"@type\":\"BreadcrumbList\",\"@id\":\"https:\\\/\\\/ngonest.de\\\/training-hosting\\\/#breadcrumb\",\"itemListElement\":[{\"@type\":\"ListItem\",\"position\":1,\"name\":\"Home\",\"item\":\"https:\\\/\\\/ngonest.de\\\/\"},{\"@type\":\"ListItem\",\"position\":2,\"name\":\"Training &#038; Hosting\"}]},{\"@type\":\"WebSite\",\"@id\":\"https:\\\/\\\/ngonest.de\\\/#website\",\"url\":\"https:\\\/\\\/ngonest.de\\\/\",\"name\":\"NGO NEST Berlin\",\"description\":\"Social Entrepreneurs\",\"publisher\":{\"@id\":\"https:\\\/\\\/ngonest.de\\\/#organization\"},\"potentialAction\":[{\"@type\":\"SearchAction\",\"target\":{\"@type\":\"EntryPoint\",\"urlTemplate\":\"https:\\\/\\\/ngonest.de\\\/?s={search_term_string}\"},\"query-input\":{\"@type\":\"PropertyValueSpecification\",\"valueRequired\":true,\"valueName\":\"search_term_string\"}}],\"inLanguage\":\"de-DE\"},{\"@type\":\"Organization\",\"@id\":\"https:\\\/\\\/ngonest.de\\\/#organization\",\"name\":\"NGO NEST Berlin\",\"url\":\"https:\\\/\\\/ngonest.de\\\/\",\"logo\":{\"@type\":\"ImageObject\",\"inLanguage\":\"de-DE\",\"@id\":\"https:\\\/\\\/ngonest.de\\\/#\\\/schema\\\/logo\\\/image\\\/\",\"url\":\"https:\\\/\\\/813fc83a-dd6f-4620-aaa0-022305b20bf8.express.conves.io\\\/wp-content\\\/uploads\\\/2022\\\/05\\\/cropped-NGO-Nest-Logo.png\",\"contentUrl\":\"https:\\\/\\\/813fc83a-dd6f-4620-aaa0-022305b20bf8.express.conves.io\\\/wp-content\\\/uploads\\\/2022\\\/05\\\/cropped-NGO-Nest-Logo.png\",\"width\":1760,\"height\":968,\"caption\":\"NGO NEST Berlin\"},\"image\":{\"@id\":\"https:\\\/\\\/ngonest.de\\\/#\\\/schema\\\/logo\\\/image\\\/\"},\"sameAs\":[\"https:\\\/\\\/www.facebook.com\\\/Youngpreneurship-Erasmus-Project-104487604463400\\\/\"]}]}<\/script>\n<!-- \/ Yoast SEO plugin. -->","yoast_head_json":{"title":"Training & Hosting - NGO NEST Berlin","robots":{"index":"index","follow":"follow","max-snippet":"max-snippet:-1","max-image-preview":"max-image-preview:large","max-video-preview":"max-video-preview:-1"},"canonical":"https:\/\/ngonest.de\/training-hosting\/","og_locale":"de_DE","og_type":"article","og_title":"Training & Hosting - NGO NEST Berlin","og_description":"TRAINING &amp; HOSTING Planning a local impact event in Berlin for your organization? Then you\u2019ve landed in the right page! Berlin is a vibrant creative&hellip;","og_url":"https:\/\/ngonest.de\/training-hosting\/","og_site_name":"NGO NEST Berlin","article_publisher":"https:\/\/www.facebook.com\/Youngpreneurship-Erasmus-Project-104487604463400\/","article_modified_time":"2022-12-21T08:57:21+00:00","og_image":[{"width":2560,"height":1438,"url":"https:\/\/813fc83a-dd6f-4620-aaa0-022305b20bf8.express.conves.io\/wp-content\/uploads\/2020\/02\/0W0A1689-scaled-1.jpeg","type":"image\/jpeg"}],"twitter_card":"summary_large_image","twitter_misc":{"Est. reading time":"1 minute"},"schema":{"@context":"https:\/\/schema.org","@graph":[{"@type":"WebPage","@id":"https:\/\/ngonest.de\/training-hosting\/","url":"https:\/\/ngonest.de\/training-hosting\/","name":"Training & Hosting - NGO NEST Berlin","isPartOf":{"@id":"https:\/\/ngonest.de\/#website"},"datePublished":"2022-12-20T22:15:37+00:00","dateModified":"2022-12-21T08:57:21+00:00","breadcrumb":{"@id":"https:\/\/ngonest.de\/training-hosting\/#breadcrumb"},"inLanguage":"de-DE","potentialAction":[{"@type":"ReadAction","target":["https:\/\/ngonest.de\/training-hosting\/"]}]},{"@type":"BreadcrumbList","@id":"https:\/\/ngonest.de\/training-hosting\/#breadcrumb","itemListElement":[{"@type":"ListItem","position":1,"name":"Home","item":"https:\/\/ngonest.de\/"},{"@type":"ListItem","position":2,"name":"Training &#038; Hosting"}]},{"@type":"WebSite","@id":"https:\/\/ngonest.de\/#website","url":"https:\/\/ngonest.de\/","name":"NGO NEST Berlin","description":"Social Entrepreneurs","publisher":{"@id":"https:\/\/ngonest.de\/#organization"},"potentialAction":[{"@type":"SearchAction","target":{"@type":"EntryPoint","urlTemplate":"https:\/\/ngonest.de\/?s={search_term_string}"},"query-input":{"@type":"PropertyValueSpecification","valueRequired":true,"valueName":"search_term_string"}}],"inLanguage":"de-DE"},{"@type":"Organization","@id":"https:\/\/ngonest.de\/#organization","name":"NGO NEST Berlin","url":"https:\/\/ngonest.de\/","logo":{"@type":"ImageObject","inLanguage":"de-DE","@id":"https:\/\/ngonest.de\/#\/schema\/logo\/image\/","url":"https:\/\/813fc83a-dd6f-4620-aaa0-022305b20bf8.express.conves.io\/wp-content\/uploads\/2022\/05\/cropped-NGO-Nest-Logo.png","contentUrl":"https:\/\/813fc83a-dd6f-4620-aaa0-022305b20bf8.express.conves.io\/wp-content\/uploads\/2022\/05\/cropped-NGO-Nest-Logo.png","width":1760,"height":968,"caption":"NGO NEST Berlin"},"image":{"@id":"https:\/\/ngonest.de\/#\/schema\/logo\/image\/"},"sameAs":["https:\/\/www.facebook.com\/Youngpreneurship-Erasmus-Project-104487604463400\/"]}]}},"_links":{"self":[{"href":"https:\/\/813fc83a-dd6f-4620-aaa0-022305b20bf8.express.conves.io\/de\/wp-json\/wp\/v2\/pages\/8891","targetHints":{"allow":["GET"]}}],"collection":[{"href":"https:\/\/813fc83a-dd6f-4620-aaa0-022305b20bf8.express.conves.io\/de\/wp-json\/wp\/v2\/pages"}],"about":[{"href":"https:\/\/813fc83a-dd6f-4620-aaa0-022305b20bf8.express.conves.io\/de\/wp-json\/wp\/v2\/types\/page"}],"author":[{"embeddable":true,"href":"https:\/\/813fc83a-dd6f-4620-aaa0-022305b20bf8.express.conves.io\/de\/wp-json\/wp\/v2\/users\/1"}],"replies":[{"embeddable":true,"href":"https:\/\/813fc83a-dd6f-4620-aaa0-022305b20bf8.express.conves.io\/de\/wp-json\/wp\/v2\/comments?post=8891"}],"version-history":[{"count":0,"href":"https:\/\/813fc83a-dd6f-4620-aaa0-022305b20bf8.express.conves.io\/de\/wp-json\/wp\/v2\/pages\/8891\/revisions"}],"wp:attachment":[{"href":"https:\/\/813fc83a-dd6f-4620-aaa0-022305b20bf8.express.conves.io\/de\/wp-json\/wp\/v2\/media?parent=8891"}],"curies":[{"name":"wp","href":"https:\/\/api.w.org\/{rel}","templated":true}]}}